{"id":143,"date":"2014-04-01T05:47:10","date_gmt":"2014-04-01T05:47:10","guid":{"rendered":"http:\/\/www.informationgateway.org\/?page_id=143"},"modified":"2014-04-01T05:47:10","modified_gmt":"2014-04-01T05:47:10","slug":"o-nas","status":"publish","type":"page","link":"https:\/\/www.informationgateway.org\/pl\/o-nas\/","title":{"rendered":"O nas"},"content":{"rendered":"<p>Informationgateway.org jest strona o podr\u00f3\u017cy i wypoczynku i gdzie i\u015b\u0107 na relaks.\u00a0Z ponad 5 lat do\u015bwiadczenia w bran\u017cy i podr\u00f3\u017cuje po \u015bwiecie postanowili\u015bmy stworzy\u0107 stron\u0119 internetow\u0105 na temat ulubionych miejsc Podr\u00f3\u017cowali\u015bmy do.<\/p>\n<h2>Kim jeste\u015bmy:<\/h2>\n<p><b>Lisa Bergman i Peter Bergman<\/b> (Pracowa\u0142 w bran\u017cy turystycznej od ponad dw\u00f3ch dekad, Lisa jako stewardesa i Piotra jako pilot linii lotniczych.)<\/p>\n","protected":false},"excerpt":{"rendered":"<p>Informationgateway.org jest strona o podr\u00f3\u017cy i wypoczynku i gdzie i\u015b\u0107 na relaks.\u00a0Z ponad 5 lat do\u015bwiadczenia w bran\u017cy i podr\u00f3\u017cuje po \u015bwiecie postanowili\u015bmy stworzy\u0107 stron\u0119 internetow\u0105 na temat ulubionych miejsc Podr\u00f3\u017cowali\u015bmy do. Kim jeste\u015bmy: Lisa Bergman i Peter Bergman (Pracowa\u0142 w bran\u017cy turystycznej od ponad dw\u00f3ch dekad, Lisa jako stewardesa i Piotra jako pilot linii lotniczych.)<\/p>\n","protected":false},"author":1,"featured_media":0,"parent":0,"menu_order":0,"comment_status":"open","ping_status":"open","template":"","meta":{"footnotes":""},"class_list":["post-143","page","type-page","status-publish","hentry"],"_links":{"self":[{"href":"https:\/\/www.informationgateway.org\/pl\/wp-json\/wp\/v2\/pages\/143","targetHints":{"allow":["GET"]}}],"collection":[{"href":"https:\/\/www.informationgateway.org\/pl\/wp-json\/wp\/v2\/pages"}],"about":[{"href":"https:\/\/www.informationgateway.org\/pl\/wp-json\/wp\/v2\/types\/page"}],"author":[{"embeddable":true,"href":"https:\/\/www.informationgateway.org\/pl\/wp-json\/wp\/v2\/users\/1"}],"replies":[{"embeddable":true,"href":"https:\/\/www.informationgateway.org\/pl\/wp-json\/wp\/v2\/comments?post=143"}],"version-history":[{"count":1,"href":"https:\/\/www.informationgateway.org\/pl\/wp-json\/wp\/v2\/pages\/143\/revisions"}],"predecessor-version":[{"id":145,"href":"https:\/\/www.informationgateway.org\/pl\/wp-json\/wp\/v2\/pages\/143\/revisions\/145"}],"wp:attachment":[{"href":"https:\/\/www.informationgateway.org\/pl\/wp-json\/wp\/v2\/media?parent=143"}],"curies":[{"name":"wp","href":"https:\/\/api.w.org\/{rel}","templated":true}]}}