{"id":63,"date":"2014-04-01T02:52:20","date_gmt":"2014-04-01T02:52:20","guid":{"rendered":"http:\/\/www.informationgateway.org\/?page_id=63"},"modified":"2014-04-01T02:52:20","modified_gmt":"2014-04-01T02:52:20","slug":"a-propos-de-nous","status":"publish","type":"page","link":"https:\/\/www.informationgateway.org\/fr\/a-propos-de-nous\/","title":{"rendered":"\u00c0 propos de nous"},"content":{"rendered":"<p>Informationgateway.org est un site sur Voyage et vacances et o\u00f9 aller pour se d\u00e9tendre.\u00a0Avec plus de 5 ans d&rsquo;exp\u00e9rience de l&rsquo;industrie et de parcourir le monde, nous avons d\u00e9cid\u00e9 de faire un site sur les destinations pr\u00e9f\u00e9r\u00e9es, nous avons voyag\u00e9 \u00e0.<\/p>\n<h2>Qui sommes-nous:<\/h2>\n<p><b>Lisa Bergman et Peter Bergman<\/b> (travaill\u00e9 dans l&rsquo;industrie du Voyage pour plus de deux d\u00e9cennies, Lisa comme une h\u00f4tesse de l&rsquo;air et Peter comme un pilote de ligne.)<\/p>\n","protected":false},"excerpt":{"rendered":"<p>Informationgateway.org est un site sur Voyage et vacances et o\u00f9 aller pour se d\u00e9tendre.\u00a0Avec plus de 5 ans d&rsquo;exp\u00e9rience de l&rsquo;industrie et de parcourir le monde, nous avons d\u00e9cid\u00e9 de faire un site sur les destinations pr\u00e9f\u00e9r\u00e9es, nous avons voyag\u00e9 \u00e0. Qui sommes-nous: Lisa Bergman et Peter Bergman (travaill\u00e9 dans l&rsquo;industrie du Voyage pour plus de deux d\u00e9cennies, Lisa comme une h\u00f4tesse de l&rsquo;air et Peter comme un pilote de ligne.)<\/p>\n","protected":false},"author":1,"featured_media":0,"parent":0,"menu_order":0,"comment_status":"open","ping_status":"open","template":"","meta":{"footnotes":""},"class_list":["post-63","page","type-page","status-publish","hentry"],"_links":{"self":[{"href":"https:\/\/www.informationgateway.org\/fr\/wp-json\/wp\/v2\/pages\/63","targetHints":{"allow":["GET"]}}],"collection":[{"href":"https:\/\/www.informationgateway.org\/fr\/wp-json\/wp\/v2\/pages"}],"about":[{"href":"https:\/\/www.informationgateway.org\/fr\/wp-json\/wp\/v2\/types\/page"}],"author":[{"embeddable":true,"href":"https:\/\/www.informationgateway.org\/fr\/wp-json\/wp\/v2\/users\/1"}],"replies":[{"embeddable":true,"href":"https:\/\/www.informationgateway.org\/fr\/wp-json\/wp\/v2\/comments?post=63"}],"version-history":[{"count":1,"href":"https:\/\/www.informationgateway.org\/fr\/wp-json\/wp\/v2\/pages\/63\/revisions"}],"predecessor-version":[{"id":65,"href":"https:\/\/www.informationgateway.org\/fr\/wp-json\/wp\/v2\/pages\/63\/revisions\/65"}],"wp:attachment":[{"href":"https:\/\/www.informationgateway.org\/fr\/wp-json\/wp\/v2\/media?parent=63"}],"curies":[{"name":"wp","href":"https:\/\/api.w.org\/{rel}","templated":true}]}}