{"id":125,"date":"2014-04-01T05:28:49","date_gmt":"2014-04-01T05:28:49","guid":{"rendered":"http:\/\/www.informationgateway.org\/?page_id=125"},"modified":"2014-04-01T05:28:49","modified_gmt":"2014-04-01T05:28:49","slug":"tietoa-meista","status":"publish","type":"page","link":"https:\/\/www.informationgateway.org\/fi\/tietoa-meista\/","title":{"rendered":"Tietoa meist\u00e4"},"content":{"rendered":"<p>Informationgateway.org on verkkosivusto noin matka-ja loma ja minne menn\u00e4 rentoutumiseen.\u00a0Yli 5 vuoden kokemus alalta ja matkustellut ymp\u00e4ri maailmaa p\u00e4\u00e4timme tehd\u00e4 verkkosivuilla noin suosikkikohteita olemme matkustaneet.<\/p>\n<h2>Keit\u00e4 me olemme:<\/h2>\n<p><b>Lisa Bergman ja Peter Bergman<\/b> (Toiminut matkailualalla yli kaksi vuosikymment\u00e4, Lisan lentoem\u00e4nt\u00e4 ja Peter kuten lentoyhti\u00f6n lent\u00e4j\u00e4.)<\/p>\n<p>&nbsp;<\/p>\n","protected":false},"excerpt":{"rendered":"<p>Informationgateway.org on verkkosivusto noin matka-ja loma ja minne menn\u00e4 rentoutumiseen.\u00a0Yli 5 vuoden kokemus alalta ja matkustellut ymp\u00e4ri maailmaa p\u00e4\u00e4timme tehd\u00e4 verkkosivuilla noin suosikkikohteita olemme matkustaneet. Keit\u00e4 me olemme: Lisa Bergman ja Peter Bergman (Toiminut matkailualalla yli kaksi vuosikymment\u00e4, Lisan lentoem\u00e4nt\u00e4 ja Peter kuten lentoyhti\u00f6n lent\u00e4j\u00e4.) &nbsp;<\/p>\n","protected":false},"author":1,"featured_media":0,"parent":0,"menu_order":0,"comment_status":"open","ping_status":"open","template":"","meta":{"footnotes":""},"class_list":["post-125","page","type-page","status-publish","hentry"],"_links":{"self":[{"href":"https:\/\/www.informationgateway.org\/fi\/wp-json\/wp\/v2\/pages\/125","targetHints":{"allow":["GET"]}}],"collection":[{"href":"https:\/\/www.informationgateway.org\/fi\/wp-json\/wp\/v2\/pages"}],"about":[{"href":"https:\/\/www.informationgateway.org\/fi\/wp-json\/wp\/v2\/types\/page"}],"author":[{"embeddable":true,"href":"https:\/\/www.informationgateway.org\/fi\/wp-json\/wp\/v2\/users\/1"}],"replies":[{"embeddable":true,"href":"https:\/\/www.informationgateway.org\/fi\/wp-json\/wp\/v2\/comments?post=125"}],"version-history":[{"count":1,"href":"https:\/\/www.informationgateway.org\/fi\/wp-json\/wp\/v2\/pages\/125\/revisions"}],"predecessor-version":[{"id":128,"href":"https:\/\/www.informationgateway.org\/fi\/wp-json\/wp\/v2\/pages\/125\/revisions\/128"}],"wp:attachment":[{"href":"https:\/\/www.informationgateway.org\/fi\/wp-json\/wp\/v2\/media?parent=125"}],"curies":[{"name":"wp","href":"https:\/\/api.w.org\/{rel}","templated":true}]}}