{"id":83,"date":"2014-04-01T03:09:58","date_gmt":"2014-04-01T03:09:58","guid":{"rendered":"http:\/\/www.informationgateway.org\/?page_id=83"},"modified":"2014-04-01T03:09:58","modified_gmt":"2014-04-01T03:09:58","slug":"uber-uns","status":"publish","type":"page","link":"https:\/\/www.informationgateway.org\/de\/uber-uns\/","title":{"rendered":"\u00dcber uns"},"content":{"rendered":"<p>Informationgateway.org ist eine Website, \u00fcber Reisen und Urlaub und wo man f\u00fcr Entspannung zu gehen.\u00a0Mit mehr als 5 Jahren Erfahrung in der Branche und die Welt zu reisen wir beschlossen, eine Website \u00fcber die beliebtesten Ziele wir haben, reiste zu machen.<\/p>\n<h2>Wer wir sind:<\/h2>\n<p><b>Lisa Bergmann und Peter Bergman<\/b> (in der Reisebranche f\u00fcr mehr als zwei Jahrzehnte gearbeitet, Lisa als Stewardess und Peter als Pilot.)<\/p>\n","protected":false},"excerpt":{"rendered":"<p>Informationgateway.org ist eine Website, \u00fcber Reisen und Urlaub und wo man f\u00fcr Entspannung zu gehen.\u00a0Mit mehr als 5 Jahren Erfahrung in der Branche und die Welt zu reisen wir beschlossen, eine Website \u00fcber die beliebtesten Ziele wir haben, reiste zu machen. Wer wir sind: Lisa Bergmann und Peter Bergman (in der Reisebranche f\u00fcr mehr als zwei Jahrzehnte gearbeitet, Lisa als Stewardess und Peter als Pilot.)<\/p>\n","protected":false},"author":1,"featured_media":0,"parent":0,"menu_order":0,"comment_status":"open","ping_status":"open","template":"","meta":{"footnotes":""},"class_list":["post-83","page","type-page","status-publish","hentry"],"_links":{"self":[{"href":"https:\/\/www.informationgateway.org\/de\/wp-json\/wp\/v2\/pages\/83","targetHints":{"allow":["GET"]}}],"collection":[{"href":"https:\/\/www.informationgateway.org\/de\/wp-json\/wp\/v2\/pages"}],"about":[{"href":"https:\/\/www.informationgateway.org\/de\/wp-json\/wp\/v2\/types\/page"}],"author":[{"embeddable":true,"href":"https:\/\/www.informationgateway.org\/de\/wp-json\/wp\/v2\/users\/1"}],"replies":[{"embeddable":true,"href":"https:\/\/www.informationgateway.org\/de\/wp-json\/wp\/v2\/comments?post=83"}],"version-history":[{"count":1,"href":"https:\/\/www.informationgateway.org\/de\/wp-json\/wp\/v2\/pages\/83\/revisions"}],"predecessor-version":[{"id":85,"href":"https:\/\/www.informationgateway.org\/de\/wp-json\/wp\/v2\/pages\/83\/revisions\/85"}],"wp:attachment":[{"href":"https:\/\/www.informationgateway.org\/de\/wp-json\/wp\/v2\/media?parent=83"}],"curies":[{"name":"wp","href":"https:\/\/api.w.org\/{rel}","templated":true}]}}